{"id":3041,"date":"2025-05-19T16:23:02","date_gmt":"2025-05-19T14:23:02","guid":{"rendered":"https:\/\/cyp.es\/la-nostra-historia\/"},"modified":"2025-07-16T16:59:06","modified_gmt":"2025-07-16T14:59:06","slug":"la-nostra-historia","status":"publish","type":"page","link":"https:\/\/cyp.es\/ca\/la-nostra-historia\/","title":{"rendered":"La nostra hist\u00f2ria"},"content":{"rendered":"\t\t<div data-elementor-type=\"wp-page\" data-elementor-id=\"3041\" class=\"elementor elementor-3041 elementor-1122\" data-elementor-post-type=\"page\">\n\t\t\t\t<div class=\"elementor-element elementor-element-55227d7 e-con-full e-flex e-con e-parent\" data-id=\"55227d7\" data-element_type=\"container\" data-e-type=\"container\" data-settings=\"{&quot;background_background&quot;:&quot;classic&quot;}\">\n\t\t\t\t<div class=\"elementor-element elementor-element-d56a5e2 elementor-widget elementor-widget-heading\" data-id=\"d56a5e2\" data-element_type=\"widget\" data-e-type=\"widget\" data-widget_type=\"heading.default\">\n\t\t\t\t<div class=\"elementor-widget-container\">\n\t\t\t\t\t<h2 class=\"elementor-heading-title elementor-size-default\">La nostra hist\u00f2ria<\/h2>\t\t\t\t<\/div>\n\t\t\t\t<\/div>\n\t\t\t\t<\/div>\n\t\t<div class=\"elementor-element elementor-element-aed7bf0 e-flex e-con-boxed e-con e-parent\" data-id=\"aed7bf0\" data-element_type=\"container\" data-e-type=\"container\">\n\t\t\t\t\t<div class=\"e-con-inner\">\n\t\t<div class=\"elementor-element elementor-element-6732af0 e-con-full e-flex e-con e-child\" data-id=\"6732af0\" data-element_type=\"container\" data-e-type=\"container\">\n\t\t\t\t<div class=\"elementor-element elementor-element-2ca38bb service-area-title elementor-widget elementor-widget-heading\" data-id=\"2ca38bb\" data-element_type=\"widget\" data-e-type=\"widget\" data-widget_type=\"heading.default\">\n\t\t\t\t<div class=\"elementor-widget-container\">\n\t\t\t\t\t<h2 class=\"elementor-heading-title elementor-size-default\">La nostra hist\u00f2ria<\/h2>\t\t\t\t<\/div>\n\t\t\t\t<\/div>\n\t\t\t\t<div class=\"elementor-element elementor-element-52e0f37 elementor-widget elementor-widget-text-editor\" data-id=\"52e0f37\" data-element_type=\"widget\" data-e-type=\"widget\" data-widget_type=\"text-editor.default\">\n\t\t\t\t<div class=\"elementor-widget-container\">\n\t\t\t\t\t\t\t\t\t<p>Joel Cort\u00e9s Casals i Josep P\u00e9rez Copons, van fundar CORT\u00c9S &amp; P\u00c9REZ AUDITORS I ASSESSORS ASSOCIATS SL l&#8217;1 d&#8217;abril de 1980, i des de la seva fundaci\u00f3 han estat gestionant la Firma com a Socis-Directors fins al mes de Setembre de 2013, en qu\u00e8 van cedir la direcci\u00f3 efectiva de la nova administraci\u00f3.<\/p><p>Tots dos s\u00f3n Professors Mercantils, Economistes i Censors Jurats de Comptes, i el seu projecte professional es va comen\u00e7ar a gestar sent companys d&#8217;estudis i amics des de l&#8217;any 1964 que van comen\u00e7ar la carrera junts a l&#8217;antiga Escola de Comer\u00e7 de Sabadell.<\/p><p>Aquesta amistat de m\u00e9s de 50 anys, la il\u00b7lusi\u00f3 i sobretot l&#8217;esfor\u00e7, ha perm\u00e8s consolidar un projecte que partint de zero, ha arribat avui a convertir-se en una Firma amb despatxos a Terrassa i Barcelona, i m\u00e9s de quaranta col\u00b7laboradors, experts en els diferents \u00e0mbits de l&#8217;assessorament empresarial.<\/p>\t\t\t\t\t\t\t\t<\/div>\n\t\t\t\t<\/div>\n\t\t\t\t<\/div>\n\t\t<div class=\"elementor-element elementor-element-9bbf4ea e-con-full e-flex e-con e-child\" data-id=\"9bbf4ea\" data-element_type=\"container\" data-e-type=\"container\">\n\t\t\t\t<div class=\"elementor-element elementor-element-c4e5147 elementor-widget elementor-widget-image\" data-id=\"c4e5147\" data-element_type=\"widget\" data-e-type=\"widget\" data-widget_type=\"image.default\">\n\t\t\t\t<div class=\"elementor-widget-container\">\n\t\t\t\t\t\t\t\t\t\t\t\t\t\t\t<img fetchpriority=\"high\" decoding=\"async\" width=\"464\" height=\"254\" src=\"https:\/\/cyp.es\/wp-content\/uploads\/2025\/05\/socishistoria.webp\" class=\"attachment-full size-full wp-image-2888\" alt=\"\" srcset=\"https:\/\/cyp.es\/wp-content\/uploads\/2025\/05\/socishistoria.webp 464w, https:\/\/cyp.es\/wp-content\/uploads\/2025\/05\/socishistoria-300x164.webp 300w\" sizes=\"(max-width: 464px) 100vw, 464px\" \/>\t\t\t\t\t\t\t\t\t\t\t\t\t\t\t<\/div>\n\t\t\t\t<\/div>\n\t\t\t\t<div class=\"elementor-element elementor-element-631219f elementor-widget elementor-widget-testimonial\" data-id=\"631219f\" data-element_type=\"widget\" data-e-type=\"widget\" data-widget_type=\"testimonial.default\">\n\t\t\t\t<div class=\"elementor-widget-container\">\n\t\t\t\t\t\t\t<div class=\"elementor-testimonial-wrapper\">\n\t\t\t\t\t\t\t<div class=\"elementor-testimonial-content\">El nostre projecte professional va comen\u00e7ar a gestar-se sent companys d'estudis i amics el 1964. Aquesta amistat de m\u00e9s de 50 anys, la il\u00b7lusi\u00f3 i sobretot l'esfor\u00e7, \u00e9s el que ha perm\u00e8s consolidar la Firma. <\/div>\n\t\t\t\n\t\t\t\t\t\t<div class=\"elementor-testimonial-meta\">\n\t\t\t\t<div class=\"elementor-testimonial-meta-inner\">\n\t\t\t\t\t\n\t\t\t\t\t\t\t\t\t\t<div class=\"elementor-testimonial-details\">\n\t\t\t\t\t\t\t\t\t\t\t\t\t\t<div class=\"elementor-testimonial-name\">Joel Cort\u00e9s Casals i Josep P\u00e9rez Copons<\/div>\n\t\t\t\t\t\t\t\t\t\t\t\t\t\t\t\t\t\t\t<\/div>\n\t\t\t\t\t\t\t\t\t<\/div>\n\t\t\t<\/div>\n\t\t\t\t\t<\/div>\n\t\t\t\t\t\t<\/div>\n\t\t\t\t<\/div>\n\t\t\t\t<\/div>\n\t\t\t\t\t<\/div>\n\t\t\t\t<\/div>\n\t\t\t\t<\/div>\n\t\t","protected":false},"excerpt":{"rendered":"<p>La nostra hist\u00f2ria La nostra hist\u00f2ria Joel Cort\u00e9s Casals i Josep P\u00e9rez Copons, van fundar CORT\u00c9S &amp; P\u00c9REZ AUDITORS I ASSESSORS ASSOCIATS SL l&#8217;1 d&#8217;abril de 1980, i des de la seva fundaci\u00f3 han estat gestionant la Firma com a Socis-Directors fins al mes de Setembre de 2013, en qu\u00e8 van cedir la direcci\u00f3 efectiva [&hellip;]<\/p>\n","protected":false},"author":1,"featured_media":0,"parent":0,"menu_order":0,"comment_status":"closed","ping_status":"closed","template":"elementor_theme","meta":{"_acf_changed":false,"footnotes":""},"class_list":["post-3041","page","type-page","status-publish","hentry"],"acf":[],"_links":{"self":[{"href":"https:\/\/cyp.es\/ca\/wp-json\/wp\/v2\/pages\/3041","targetHints":{"allow":["GET"]}}],"collection":[{"href":"https:\/\/cyp.es\/ca\/wp-json\/wp\/v2\/pages"}],"about":[{"href":"https:\/\/cyp.es\/ca\/wp-json\/wp\/v2\/types\/page"}],"author":[{"embeddable":true,"href":"https:\/\/cyp.es\/ca\/wp-json\/wp\/v2\/users\/1"}],"replies":[{"embeddable":true,"href":"https:\/\/cyp.es\/ca\/wp-json\/wp\/v2\/comments?post=3041"}],"version-history":[{"count":0,"href":"https:\/\/cyp.es\/ca\/wp-json\/wp\/v2\/pages\/3041\/revisions"}],"wp:attachment":[{"href":"https:\/\/cyp.es\/ca\/wp-json\/wp\/v2\/media?parent=3041"}],"curies":[{"name":"wp","href":"https:\/\/api.w.org\/{rel}","templated":true}]}}