{"id":3047,"date":"2025-05-19T16:53:12","date_gmt":"2025-05-19T14:53:12","guid":{"rendered":"https:\/\/cyp.es\/valors-corporatius\/"},"modified":"2025-07-16T16:59:06","modified_gmt":"2025-07-16T14:59:06","slug":"valors-corporatius","status":"publish","type":"page","link":"https:\/\/cyp.es\/ca\/valors-corporatius\/","title":{"rendered":"Valors corporatius"},"content":{"rendered":"\t\t<div data-elementor-type=\"wp-page\" data-elementor-id=\"3047\" class=\"elementor elementor-3047 elementor-1132\" data-elementor-post-type=\"page\">\n\t\t\t\t<div class=\"elementor-element elementor-element-55227d7 e-con-full e-flex e-con e-parent\" data-id=\"55227d7\" data-element_type=\"container\" data-e-type=\"container\" data-settings=\"{&quot;background_background&quot;:&quot;classic&quot;}\">\n\t\t\t\t<div class=\"elementor-element elementor-element-d56a5e2 elementor-widget elementor-widget-heading\" data-id=\"d56a5e2\" data-element_type=\"widget\" data-e-type=\"widget\" data-widget_type=\"heading.default\">\n\t\t\t\t<div class=\"elementor-widget-container\">\n\t\t\t\t\t<h2 class=\"elementor-heading-title elementor-size-default\">Valors corporatius  <\/h2>\t\t\t\t<\/div>\n\t\t\t\t<\/div>\n\t\t\t\t<\/div>\n\t\t<div class=\"elementor-element elementor-element-aed7bf0 e-flex e-con-boxed e-con e-parent\" data-id=\"aed7bf0\" data-element_type=\"container\" data-e-type=\"container\">\n\t\t\t\t\t<div class=\"e-con-inner\">\n\t\t<div class=\"elementor-element elementor-element-6732af0 e-con-full e-flex e-con e-child\" data-id=\"6732af0\" data-element_type=\"container\" data-e-type=\"container\">\n\t\t\t\t<div class=\"elementor-element elementor-element-2ca38bb service-area-title elementor-widget elementor-widget-heading\" data-id=\"2ca38bb\" data-element_type=\"widget\" data-e-type=\"widget\" data-widget_type=\"heading.default\">\n\t\t\t\t<div class=\"elementor-widget-container\">\n\t\t\t\t\t<h2 class=\"elementor-heading-title elementor-size-default\">Valors corporatius  <\/h2>\t\t\t\t<\/div>\n\t\t\t\t<\/div>\n\t\t\t\t<div class=\"elementor-element elementor-element-52e0f37 elementor-widget elementor-widget-text-editor\" data-id=\"52e0f37\" data-element_type=\"widget\" data-e-type=\"widget\" data-widget_type=\"text-editor.default\">\n\t\t\t\t<div class=\"elementor-widget-container\">\n\t\t\t\t\t\t\t\t\tEls nostres clients i els nostres professionals s\u00f3n la nostra ra\u00f3 de ser. Apostem clara i decididament per la qualitat en el nostre treball com a base per aconseguir la satisfacci\u00f3 del client i transmetre la confian\u00e7a i la credibilitat necess\u00e0ries a totes les parts implicades. En la nostra manera de treballar, destaca l&#8217;efici\u00e8ncia, el respecte, la cohesi\u00f3 i la transpar\u00e8ncia.  \t\t\t\t\t\t\t\t<\/div>\n\t\t\t\t<\/div>\n\t\t\t\t<div class=\"elementor-element elementor-element-eac8244 elementor-widget elementor-widget-heading\" data-id=\"eac8244\" data-element_type=\"widget\" data-e-type=\"widget\" data-widget_type=\"heading.default\">\n\t\t\t\t<div class=\"elementor-widget-container\">\n\t\t\t\t\t<h2 class=\"elementor-heading-title elementor-size-default\">Efici\u00e8ncia<\/h2>\t\t\t\t<\/div>\n\t\t\t\t<\/div>\n\t\t\t\t<div class=\"elementor-element elementor-element-bde88ac elementor-widget elementor-widget-text-editor\" data-id=\"bde88ac\" data-element_type=\"widget\" data-e-type=\"widget\" data-widget_type=\"text-editor.default\">\n\t\t\t\t<div class=\"elementor-widget-container\">\n\t\t\t\t\t\t\t\t\tFem servir tots els recursos necessaris i un sistema de treball en equip per obtenir els millors resultats.\t\t\t\t\t\t\t\t<\/div>\n\t\t\t\t<\/div>\n\t\t\t\t<div class=\"elementor-element elementor-element-34bc9c0 elementor-widget elementor-widget-heading\" data-id=\"34bc9c0\" data-element_type=\"widget\" data-e-type=\"widget\" data-widget_type=\"heading.default\">\n\t\t\t\t<div class=\"elementor-widget-container\">\n\t\t\t\t\t<h2 class=\"elementor-heading-title elementor-size-default\">Respecte<\/h2>\t\t\t\t<\/div>\n\t\t\t\t<\/div>\n\t\t\t\t<div class=\"elementor-element elementor-element-9d2209c elementor-widget elementor-widget-text-editor\" data-id=\"9d2209c\" data-element_type=\"widget\" data-e-type=\"widget\" data-widget_type=\"text-editor.default\">\n\t\t\t\t<div class=\"elementor-widget-container\">\n\t\t\t\t\t\t\t\t\t<p>Valorem el pluralisme d&#8217;idees, creences i opinions, integrant-ne la diversitat i la riquesa en benefici dels nostres clients.<\/p>\t\t\t\t\t\t\t\t<\/div>\n\t\t\t\t<\/div>\n\t\t\t\t<div class=\"elementor-element elementor-element-961e9c7 elementor-widget elementor-widget-heading\" data-id=\"961e9c7\" data-element_type=\"widget\" data-e-type=\"widget\" data-widget_type=\"heading.default\">\n\t\t\t\t<div class=\"elementor-widget-container\">\n\t\t\t\t\t<h2 class=\"elementor-heading-title elementor-size-default\">Cohesi\u00f3<\/h2>\t\t\t\t<\/div>\n\t\t\t\t<\/div>\n\t\t\t\t<div class=\"elementor-element elementor-element-6e536de elementor-widget elementor-widget-text-editor\" data-id=\"6e536de\" data-element_type=\"widget\" data-e-type=\"widget\" data-widget_type=\"text-editor.default\">\n\t\t\t\t<div class=\"elementor-widget-container\">\n\t\t\t\t\t\t\t\t\t<p>Fomentem el treball en equip, el sentiment d\u00b4uni\u00f3, la generositat i l\u00b4orgull de pertinen\u00e7a a la Firma.<\/p>\t\t\t\t\t\t\t\t<\/div>\n\t\t\t\t<\/div>\n\t\t\t\t<div class=\"elementor-element elementor-element-6cb9976 elementor-widget elementor-widget-heading\" data-id=\"6cb9976\" data-element_type=\"widget\" data-e-type=\"widget\" data-widget_type=\"heading.default\">\n\t\t\t\t<div class=\"elementor-widget-container\">\n\t\t\t\t\t<h2 class=\"elementor-heading-title elementor-size-default\">Transpar\u00e8ncia<\/h2>\t\t\t\t<\/div>\n\t\t\t\t<\/div>\n\t\t\t\t<div class=\"elementor-element elementor-element-d79d839 elementor-widget elementor-widget-text-editor\" data-id=\"d79d839\" data-element_type=\"widget\" data-e-type=\"widget\" data-widget_type=\"text-editor.default\">\n\t\t\t\t<div class=\"elementor-widget-container\">\n\t\t\t\t\t\t\t\t\tPodr\u00e0 con\u00e8ixer la manera com garantim la qualitat del nostre treball a trav\u00e9s de l&#8217;Informe de Transpar\u00e8ncia anual.\t\t\t\t\t\t\t\t<\/div>\n\t\t\t\t<\/div>\n\t\t\t\t<\/div>\n\t\t<div class=\"elementor-element elementor-element-9bbf4ea e-con-full e-flex e-con e-child\" data-id=\"9bbf4ea\" data-element_type=\"container\" data-e-type=\"container\">\n\t\t\t\t<div class=\"elementor-element elementor-element-c4e5147 elementor-widget elementor-widget-image\" data-id=\"c4e5147\" data-element_type=\"widget\" data-e-type=\"widget\" data-widget_type=\"image.default\">\n\t\t\t\t<div class=\"elementor-widget-container\">\n\t\t\t\t\t\t\t\t\t\t\t\t\t\t\t<img fetchpriority=\"high\" decoding=\"async\" width=\"1068\" height=\"659\" src=\"https:\/\/cyp.es\/wp-content\/uploads\/2025\/05\/RetallValorsCorporatius.webp\" class=\"attachment-full size-full wp-image-2886\" alt=\"\" srcset=\"https:\/\/cyp.es\/wp-content\/uploads\/2025\/05\/RetallValorsCorporatius.webp 1068w, https:\/\/cyp.es\/wp-content\/uploads\/2025\/05\/RetallValorsCorporatius-300x185.webp 300w, https:\/\/cyp.es\/wp-content\/uploads\/2025\/05\/RetallValorsCorporatius-1024x632.webp 1024w, https:\/\/cyp.es\/wp-content\/uploads\/2025\/05\/RetallValorsCorporatius-768x474.webp 768w\" sizes=\"(max-width: 1068px) 100vw, 1068px\" \/>\t\t\t\t\t\t\t\t\t\t\t\t\t\t\t<\/div>\n\t\t\t\t<\/div>\n\t\t\t\t<div class=\"elementor-element elementor-element-631219f elementor-widget elementor-widget-testimonial\" data-id=\"631219f\" data-element_type=\"widget\" data-e-type=\"widget\" data-widget_type=\"testimonial.default\">\n\t\t\t\t<div class=\"elementor-widget-container\">\n\t\t\t\t\t\t\t<div class=\"elementor-testimonial-wrapper\">\n\t\t\t\t\t\t\t<div class=\"elementor-testimonial-content\">Aquesta visi\u00f3 del servei ens ha perm\u00e8s cr\u00e9ixer de manera molt significativa, consolidant la nostra posici\u00f3 en un mercat altament competitiu.<\/div>\n\t\t\t\n\t\t\t\t\t<\/div>\n\t\t\t\t\t\t<\/div>\n\t\t\t\t<\/div>\n\t\t\t\t<\/div>\n\t\t\t\t\t<\/div>\n\t\t\t\t<\/div>\n\t\t\t\t<\/div>\n\t\t","protected":false},"excerpt":{"rendered":"<p>Valors corporatius Valors corporatius Els nostres clients i els nostres professionals s\u00f3n la nostra ra\u00f3 de ser. Apostem clara i decididament per la qualitat en el nostre treball com a base per aconseguir la satisfacci\u00f3 del client i transmetre la confian\u00e7a i la credibilitat necess\u00e0ries a totes les parts implicades. En la nostra manera de [&hellip;]<\/p>\n","protected":false},"author":1,"featured_media":0,"parent":0,"menu_order":0,"comment_status":"closed","ping_status":"closed","template":"elementor_theme","meta":{"_acf_changed":false,"footnotes":""},"class_list":["post-3047","page","type-page","status-publish","hentry"],"acf":[],"_links":{"self":[{"href":"https:\/\/cyp.es\/ca\/wp-json\/wp\/v2\/pages\/3047","targetHints":{"allow":["GET"]}}],"collection":[{"href":"https:\/\/cyp.es\/ca\/wp-json\/wp\/v2\/pages"}],"about":[{"href":"https:\/\/cyp.es\/ca\/wp-json\/wp\/v2\/types\/page"}],"author":[{"embeddable":true,"href":"https:\/\/cyp.es\/ca\/wp-json\/wp\/v2\/users\/1"}],"replies":[{"embeddable":true,"href":"https:\/\/cyp.es\/ca\/wp-json\/wp\/v2\/comments?post=3047"}],"version-history":[{"count":0,"href":"https:\/\/cyp.es\/ca\/wp-json\/wp\/v2\/pages\/3047\/revisions"}],"wp:attachment":[{"href":"https:\/\/cyp.es\/ca\/wp-json\/wp\/v2\/media?parent=3047"}],"curies":[{"name":"wp","href":"https:\/\/api.w.org\/{rel}","templated":true}]}}