{"id":3038,"date":"2025-05-19T16:23:02","date_gmt":"2025-05-19T14:23:02","guid":{"rendered":"https:\/\/cyp.es\/our-history\/"},"modified":"2025-07-16T16:59:06","modified_gmt":"2025-07-16T14:59:06","slug":"our-history","status":"publish","type":"page","link":"https:\/\/cyp.es\/en\/our-history\/","title":{"rendered":"Our history"},"content":{"rendered":"\t\t<div data-elementor-type=\"wp-page\" data-elementor-id=\"3038\" class=\"elementor elementor-3038 elementor-1122\" data-elementor-post-type=\"page\">\n\t\t\t\t<div class=\"elementor-element elementor-element-55227d7 e-con-full e-flex e-con e-parent\" data-id=\"55227d7\" data-element_type=\"container\" data-e-type=\"container\" data-settings=\"{&quot;background_background&quot;:&quot;classic&quot;}\">\n\t\t\t\t<div class=\"elementor-element elementor-element-d56a5e2 elementor-widget elementor-widget-heading\" data-id=\"d56a5e2\" data-element_type=\"widget\" data-e-type=\"widget\" data-widget_type=\"heading.default\">\n\t\t\t\t<div class=\"elementor-widget-container\">\n\t\t\t\t\t<h2 class=\"elementor-heading-title elementor-size-default\">Our history<\/h2>\t\t\t\t<\/div>\n\t\t\t\t<\/div>\n\t\t\t\t<\/div>\n\t\t<div class=\"elementor-element elementor-element-aed7bf0 e-flex e-con-boxed e-con e-parent\" data-id=\"aed7bf0\" data-element_type=\"container\" data-e-type=\"container\">\n\t\t\t\t\t<div class=\"e-con-inner\">\n\t\t<div class=\"elementor-element elementor-element-6732af0 e-con-full e-flex e-con e-child\" data-id=\"6732af0\" data-element_type=\"container\" data-e-type=\"container\">\n\t\t\t\t<div class=\"elementor-element elementor-element-2ca38bb service-area-title elementor-widget elementor-widget-heading\" data-id=\"2ca38bb\" data-element_type=\"widget\" data-e-type=\"widget\" data-widget_type=\"heading.default\">\n\t\t\t\t<div class=\"elementor-widget-container\">\n\t\t\t\t\t<h2 class=\"elementor-heading-title elementor-size-default\">Our history<\/h2>\t\t\t\t<\/div>\n\t\t\t\t<\/div>\n\t\t\t\t<div class=\"elementor-element elementor-element-52e0f37 elementor-widget elementor-widget-text-editor\" data-id=\"52e0f37\" data-element_type=\"widget\" data-e-type=\"widget\" data-widget_type=\"text-editor.default\">\n\t\t\t\t<div class=\"elementor-widget-container\">\n\t\t\t\t\t\t\t\t\t<p>Joel Cort\u00e9s Casals and Josep P\u00e9rez Copons, founded CORT\u00c9S &amp; P\u00c9REZ AUDITORES Y ASESORES ASOCIADOS S.L. on April 1, 1980, and since its foundation they have been managing the Firm as Partner-Managers until September 2013, when they handed over the effective management to the new generation of partners, although they continue to be part of the Board of Directors.<\/p><p>Both are Commercial Professors, Economists and Chartered Accountants, and their professional project began to take shape as fellow students and friends since 1964 when they began their studies together at the former Escola de Comer\u00e7 de Sabadell.<\/p><p>This friendship of more than 50 years, the illusion and above all the effort, is what has allowed the consolidation of a project that starting from zero, has become today a Firm with offices in Terrassa and Barcelona, and more than forty collaborators, experts in the different fields of business advice.<\/p>\t\t\t\t\t\t\t\t<\/div>\n\t\t\t\t<\/div>\n\t\t\t\t<\/div>\n\t\t<div class=\"elementor-element elementor-element-9bbf4ea e-con-full e-flex e-con e-child\" data-id=\"9bbf4ea\" data-element_type=\"container\" data-e-type=\"container\">\n\t\t\t\t<div class=\"elementor-element elementor-element-c4e5147 elementor-widget elementor-widget-image\" data-id=\"c4e5147\" data-element_type=\"widget\" data-e-type=\"widget\" data-widget_type=\"image.default\">\n\t\t\t\t<div class=\"elementor-widget-container\">\n\t\t\t\t\t\t\t\t\t\t\t\t\t\t\t<img fetchpriority=\"high\" decoding=\"async\" width=\"464\" height=\"254\" src=\"https:\/\/cyp.es\/wp-content\/uploads\/2025\/05\/socishistoria.webp\" class=\"attachment-full size-full wp-image-2889\" alt=\"\" srcset=\"https:\/\/cyp.es\/wp-content\/uploads\/2025\/05\/socishistoria.webp 464w, https:\/\/cyp.es\/wp-content\/uploads\/2025\/05\/socishistoria-300x164.webp 300w\" sizes=\"(max-width: 464px) 100vw, 464px\" \/>\t\t\t\t\t\t\t\t\t\t\t\t\t\t\t<\/div>\n\t\t\t\t<\/div>\n\t\t\t\t<div class=\"elementor-element elementor-element-631219f elementor-widget elementor-widget-testimonial\" data-id=\"631219f\" data-element_type=\"widget\" data-e-type=\"widget\" data-widget_type=\"testimonial.default\">\n\t\t\t\t<div class=\"elementor-widget-container\">\n\t\t\t\t\t\t\t<div class=\"elementor-testimonial-wrapper\">\n\t\t\t\t\t\t\t<div class=\"elementor-testimonial-content\">Our professional project began to take shape as fellow students and friends in 1964. This friendship of more than 50 years, the illusion and above all the effort, is what has allowed the consolidation of the Firm. <\/div>\n\t\t\t\n\t\t\t\t\t\t<div class=\"elementor-testimonial-meta\">\n\t\t\t\t<div class=\"elementor-testimonial-meta-inner\">\n\t\t\t\t\t\n\t\t\t\t\t\t\t\t\t\t<div class=\"elementor-testimonial-details\">\n\t\t\t\t\t\t\t\t\t\t\t\t\t\t<div class=\"elementor-testimonial-name\">Joel Cort\u00e9s Casals and Josep P\u00e9rez Copons<\/div>\n\t\t\t\t\t\t\t\t\t\t\t\t\t\t\t\t\t\t\t<\/div>\n\t\t\t\t\t\t\t\t\t<\/div>\n\t\t\t<\/div>\n\t\t\t\t\t<\/div>\n\t\t\t\t\t\t<\/div>\n\t\t\t\t<\/div>\n\t\t\t\t<\/div>\n\t\t\t\t\t<\/div>\n\t\t\t\t<\/div>\n\t\t\t\t<\/div>\n\t\t","protected":false},"excerpt":{"rendered":"<p>Our history Our history Joel Cort\u00e9s Casals and Josep P\u00e9rez Copons, founded CORT\u00c9S &amp; P\u00c9REZ AUDITORES Y ASESORES ASOCIADOS S.L. on April 1, 1980, and since its foundation they have been managing the Firm as Partner-Managers until September 2013, when they handed over the effective management to the new generation of partners, although they continue [&hellip;]<\/p>\n","protected":false},"author":1,"featured_media":0,"parent":0,"menu_order":0,"comment_status":"closed","ping_status":"closed","template":"elementor_theme","meta":{"_acf_changed":false,"footnotes":""},"class_list":["post-3038","page","type-page","status-publish","hentry"],"acf":[],"_links":{"self":[{"href":"https:\/\/cyp.es\/en\/wp-json\/wp\/v2\/pages\/3038","targetHints":{"allow":["GET"]}}],"collection":[{"href":"https:\/\/cyp.es\/en\/wp-json\/wp\/v2\/pages"}],"about":[{"href":"https:\/\/cyp.es\/en\/wp-json\/wp\/v2\/types\/page"}],"author":[{"embeddable":true,"href":"https:\/\/cyp.es\/en\/wp-json\/wp\/v2\/users\/1"}],"replies":[{"embeddable":true,"href":"https:\/\/cyp.es\/en\/wp-json\/wp\/v2\/comments?post=3038"}],"version-history":[{"count":0,"href":"https:\/\/cyp.es\/en\/wp-json\/wp\/v2\/pages\/3038\/revisions"}],"wp:attachment":[{"href":"https:\/\/cyp.es\/en\/wp-json\/wp\/v2\/media?parent=3038"}],"curies":[{"name":"wp","href":"https:\/\/api.w.org\/{rel}","templated":true}]}}