{"id":3068,"date":"2025-06-09T12:33:30","date_gmt":"2025-06-09T10:33:30","guid":{"rendered":"https:\/\/cyp.es\/canal-de-denuncias\/"},"modified":"2025-06-09T12:33:30","modified_gmt":"2025-06-09T10:33:30","slug":"canal-de-denuncias","status":"publish","type":"page","link":"https:\/\/cyp.es\/en\/canal-de-denuncias\/","title":{"rendered":"Canal de Denuncias"},"content":{"rendered":"\t\t<div data-elementor-type=\"wp-page\" data-elementor-id=\"3068\" class=\"elementor elementor-3068 elementor-2211\" data-elementor-post-type=\"page\">\n\t\t\t\t<div class=\"elementor-element elementor-element-a01a36f e-con-full e-flex e-con e-parent\" data-id=\"a01a36f\" data-element_type=\"container\" data-e-type=\"container\" data-settings=\"{&quot;background_background&quot;:&quot;classic&quot;}\">\n\t\t\t\t<div class=\"elementor-element elementor-element-feade6a elementor-widget elementor-widget-heading\" data-id=\"feade6a\" data-element_type=\"widget\" data-e-type=\"widget\" data-widget_type=\"heading.default\">\n\t\t\t\t<div class=\"elementor-widget-container\">\n\t\t\t\t\t<h2 class=\"elementor-heading-title elementor-size-default\">Canal de Denuncias<\/h2>\t\t\t\t<\/div>\n\t\t\t\t<\/div>\n\t\t\t\t<div class=\"elementor-element elementor-element-20f1c22 elementor-widget elementor-widget-heading\" data-id=\"20f1c22\" data-element_type=\"widget\" data-e-type=\"widget\" data-widget_type=\"heading.default\">\n\t\t\t\t<div class=\"elementor-widget-container\">\n\t\t\t\t\t<h2 class=\"elementor-heading-title elementor-size-default\">Cort\u00e9s &amp; P\u00e9rez Auditores y Asesores Asociados SL<\/h2>\t\t\t\t<\/div>\n\t\t\t\t<\/div>\n\t\t\t\t<\/div>\n\t\t<div class=\"elementor-element elementor-element-3807b8e e-flex e-con-boxed e-con e-parent\" data-id=\"3807b8e\" data-element_type=\"container\" data-e-type=\"container\">\n\t\t\t\t\t<div class=\"e-con-inner\">\n\t\t\t\t<div class=\"elementor-element elementor-element-344fa82 elementor-widget__width-inherit elementor-widget elementor-widget-text-editor\" data-id=\"344fa82\" data-element_type=\"widget\" data-e-type=\"widget\" data-widget_type=\"text-editor.default\">\n\t\t\t\t<div class=\"elementor-widget-container\">\n\t\t\t\t\t\t\t\t\t<p>El canal interno de informaci\u00f3n o canal de denuncias de Cort\u00e9s &amp; P\u00e9rez Auditores y Asesores Asociados SL, tambi\u00e9n denominado sistema interno de Informaci\u00f3n, se ha desarrollado e implantado de conformidad y en aplicaci\u00f3n de lo previsto en la Ley 2\/2023, de 20 de febrero, reguladora de la protecci\u00f3n de las personas que informen sobre infracciones normativas y de lucha contra la corrupci\u00f3n. El canal de denuncias, es la v\u00eda que Cort\u00e9s &amp; P\u00e9rez Auditores y Asesores Asociados SL pone a disposici\u00f3n, para la presentaci\u00f3n de denuncias sobre presuntos incumplimientos, fundados y significativos, de cualquier situaci\u00f3n o comportamiento que constituya un incumplimiento, potencial o real, de la normativa, tanto interna como externa, que resulte constitutivas de delito, infracci\u00f3n administrativa grave o muy grave o infracci\u00f3n laboral.<br \/><br \/>Para garantizar la confidencialidad y, en su caso, el anonimato de la persona denunciante, Cort\u00e9s &amp; P\u00e9rez Auditores y Asesores Asociados SL habilita las siguientes v\u00edas, cuya funci\u00f3n es recibir y tramitar las comunicaciones:<\/p>\t\t\t\t\t\t\t\t<\/div>\n\t\t\t\t<\/div>\n\t\t\t\t<div class=\"elementor-element elementor-element-63ef7be elementor-widget__width-inherit elementor-widget elementor-widget-heading\" data-id=\"63ef7be\" data-element_type=\"widget\" data-e-type=\"widget\" data-widget_type=\"heading.default\">\n\t\t\t\t<div class=\"elementor-widget-container\">\n\t\t\t\t\t<h4 class=\"elementor-heading-title elementor-size-default\">1. Reporte confidencialmente <\/h4>\t\t\t\t<\/div>\n\t\t\t\t<\/div>\n\t\t\t\t<div class=\"elementor-element elementor-element-e986db7 elementor-widget__width-inherit elementor-widget elementor-widget-text-editor\" data-id=\"e986db7\" data-element_type=\"widget\" data-e-type=\"widget\" data-widget_type=\"text-editor.default\">\n\t\t\t\t<div class=\"elementor-widget-container\">\n\t\t\t\t\t\t\t\t\tPara formular una denuncia confidencial, puede enviar un correo electr\u00f3nico, a la atenci\u00f3n del responsable del canal interno de informaci\u00f3n o canal de denuncias de Cort\u00e9s &#038; P\u00e9rez Auditores y Asesores Asociados SL, a la direcci\u00f3n siguiente: canaldcp@cyp.es \t\t\t\t\t\t\t\t<\/div>\n\t\t\t\t<\/div>\n\t\t\t\t<div class=\"elementor-element elementor-element-111a25d elementor-widget__width-inherit elementor-widget elementor-widget-heading\" data-id=\"111a25d\" data-element_type=\"widget\" data-e-type=\"widget\" data-widget_type=\"heading.default\">\n\t\t\t\t<div class=\"elementor-widget-container\">\n\t\t\t\t\t<h4 class=\"elementor-heading-title elementor-size-default\">2. Reporte an\u00f3nimamente<\/h4>\t\t\t\t<\/div>\n\t\t\t\t<\/div>\n\t\t\t\t<div class=\"elementor-element elementor-element-b87fd96 elementor-widget__width-inherit elementor-widget elementor-widget-text-editor\" data-id=\"b87fd96\" data-element_type=\"widget\" data-e-type=\"widget\" data-widget_type=\"text-editor.default\">\n\t\t\t\t<div class=\"elementor-widget-container\">\n\t\t\t\t\t\t\t\t\t<p>Para formular una denuncia an\u00f3nima, puede enviar una comunicaci\u00f3n por correo postal, a la atenci\u00f3n del responsable del canal interno de informaci\u00f3n o canal de denuncias de Cort\u00e9s &amp; P\u00e9rez Auditores y Asesores Asociados SL, al domicilio siguiente: Gutenberg 3-13, 5\u00ba A, 08224 Terrassa (Barcelona). No obstante a lo anterior, le animamos a que se identifique para poder obtener m\u00e1s informaci\u00f3n a los efectos de esclarecer satisfactoriamente los hechos denunciados.<\/p><p>La presentaci\u00f3n de denuncias a trav\u00e9s del canal interno de informaci\u00f3n o canal de denuncias de Cort\u00e9s &amp; P\u00e9rez Auditores y Asesores Asociados SL, \u00fanicamente deber\u00e1 responder a criterios de veracidad, responsabilidad, proporcionalidad y buena fe, quedando prohibido comunicar informaci\u00f3n falsa.<\/p>\t\t\t\t\t\t\t\t<\/div>\n\t\t\t\t<\/div>\n\t\t\t\t<div class=\"elementor-element elementor-element-47d587c elementor-widget__width-inherit elementor-widget elementor-widget-heading\" data-id=\"47d587c\" data-element_type=\"widget\" data-e-type=\"widget\" data-widget_type=\"heading.default\">\n\t\t\t\t<div class=\"elementor-widget-container\">\n\t\t\t\t\t<h4 class=\"elementor-heading-title elementor-size-default\">Canal externo de la Autoridad Independiente de Protecci\u00f3n del Informante<\/h4>\t\t\t\t<\/div>\n\t\t\t\t<\/div>\n\t\t\t\t<div class=\"elementor-element elementor-element-e762e65 elementor-widget__width-inherit elementor-widget elementor-widget-text-editor\" data-id=\"e762e65\" data-element_type=\"widget\" data-e-type=\"widget\" data-widget_type=\"text-editor.default\">\n\t\t\t\t<div class=\"elementor-widget-container\">\n\t\t\t\t\t\t\t\t\t<p>De conformidad con lo dispuesto en el art. 9.2.b) de la Ley 2\/2023, de 20 de febrero, reguladora de la protecci\u00f3n de las personas que informen sobre infracciones normativas y de lucha contra la corrupci\u00f3n, se informa que existen canales externos a los que el informante puede dirigirse, ya sea directamente, o previa comunicaci\u00f3n a trav\u00e9s del canal interno de informaci\u00f3n o canal de denuncias de Cort\u00e9s &amp; P\u00e9rez Auditores y Asesores Asociados SL. Dichos canales son el canal externo de la Autoridad Independiente de Protecci\u00f3n del Informante, en Catalu\u00f1a, la Oficina Antifraude de Catalu\u00f1a (OAC).<\/p>\t\t\t\t\t\t\t\t<\/div>\n\t\t\t\t<\/div>\n\t\t\t\t<div class=\"elementor-element elementor-element-595ca11 elementor-widget__width-inherit elementor-widget elementor-widget-heading\" data-id=\"595ca11\" data-element_type=\"widget\" data-e-type=\"widget\" data-widget_type=\"heading.default\">\n\t\t\t\t<div class=\"elementor-widget-container\">\n\t\t\t\t\t<h4 class=\"elementor-heading-title elementor-size-default\">Informaci\u00f3n b\u00e1sica sobre protecci\u00f3n de datos <\/h4>\t\t\t\t<\/div>\n\t\t\t\t<\/div>\n\t\t\t\t<div class=\"elementor-element elementor-element-fdb600c elementor-widget__width-inherit elementor-widget elementor-widget-text-editor\" data-id=\"fdb600c\" data-element_type=\"widget\" data-e-type=\"widget\" data-widget_type=\"text-editor.default\">\n\t\t\t\t<div class=\"elementor-widget-container\">\n\t\t\t\t\t\t\t\t\tEn cumplimiento del deber de informaci\u00f3n, Cort\u00e9s &#038; P\u00e9rez Auditores y Asesores Asociados SL pone a disposici\u00f3n su pol\u00edtica de privacidad de este canal, a la que se puede acceder a trav\u00e9s de su p\u00e1gina web en el enlace siguiente: www.cyp.es\/politica-de-proteccion-de-datos \t\t\t\t\t\t\t\t<\/div>\n\t\t\t\t<\/div>\n\t\t\t\t<div class=\"elementor-element elementor-element-f7e7290 elementor-widget__width-inherit elementor-widget elementor-widget-heading\" data-id=\"f7e7290\" data-element_type=\"widget\" data-e-type=\"widget\" data-widget_type=\"heading.default\">\n\t\t\t\t<div class=\"elementor-widget-container\">\n\t\t\t\t\t<h4 class=\"elementor-heading-title elementor-size-default\">Finalidad<\/h4>\t\t\t\t<\/div>\n\t\t\t\t<\/div>\n\t\t\t\t<div class=\"elementor-element elementor-element-86a8729 elementor-widget__width-inherit elementor-widget elementor-widget-text-editor\" data-id=\"86a8729\" data-element_type=\"widget\" data-e-type=\"widget\" data-widget_type=\"text-editor.default\">\n\t\t\t\t<div class=\"elementor-widget-container\">\n\t\t\t\t\t\t\t\t\t<p>Realizar la gesti\u00f3n integral administrativa de las denuncias efectuadas, as\u00ed como garantizar la protecci\u00f3n de las personas que informen sobre infracciones normativas.<\/p>\t\t\t\t\t\t\t\t<\/div>\n\t\t\t\t<\/div>\n\t\t\t\t\t<\/div>\n\t\t\t\t<\/div>\n\t\t\t\t<\/div>\n\t\t","protected":false},"excerpt":{"rendered":"<p>Canal de Denuncias Cort\u00e9s &amp; P\u00e9rez Auditores y Asesores Asociados SL El canal interno de informaci\u00f3n o canal de denuncias de Cort\u00e9s &amp; P\u00e9rez Auditores y Asesores Asociados SL, tambi\u00e9n denominado sistema interno de Informaci\u00f3n, se ha desarrollado e implantado de conformidad y en aplicaci\u00f3n de lo previsto en la Ley 2\/2023, de 20 de [&hellip;]<\/p>\n","protected":false},"author":1,"featured_media":0,"parent":0,"menu_order":0,"comment_status":"closed","ping_status":"open","template":"elementor_header_footer","meta":{"_acf_changed":false,"footnotes":""},"class_list":["post-3068","page","type-page","status-publish","hentry"],"acf":[],"_links":{"self":[{"href":"https:\/\/cyp.es\/en\/wp-json\/wp\/v2\/pages\/3068","targetHints":{"allow":["GET"]}}],"collection":[{"href":"https:\/\/cyp.es\/en\/wp-json\/wp\/v2\/pages"}],"about":[{"href":"https:\/\/cyp.es\/en\/wp-json\/wp\/v2\/types\/page"}],"author":[{"embeddable":true,"href":"https:\/\/cyp.es\/en\/wp-json\/wp\/v2\/users\/1"}],"replies":[{"embeddable":true,"href":"https:\/\/cyp.es\/en\/wp-json\/wp\/v2\/comments?post=3068"}],"version-history":[{"count":0,"href":"https:\/\/cyp.es\/en\/wp-json\/wp\/v2\/pages\/3068\/revisions"}],"wp:attachment":[{"href":"https:\/\/cyp.es\/en\/wp-json\/wp\/v2\/media?parent=3068"}],"curies":[{"name":"wp","href":"https:\/\/api.w.org\/{rel}","templated":true}]}}