{"id":3070,"date":"2025-06-09T12:15:13","date_gmt":"2025-06-09T10:15:13","guid":{"rendered":"https:\/\/cyp.es\/proteccion-de-datos\/"},"modified":"2025-06-09T12:15:13","modified_gmt":"2025-06-09T10:15:13","slug":"proteccion-de-datos","status":"publish","type":"page","link":"https:\/\/cyp.es\/en\/proteccion-de-datos\/","title":{"rendered":"Protecci\u00f3n de Datos"},"content":{"rendered":"\t\t<div data-elementor-type=\"wp-page\" data-elementor-id=\"3070\" class=\"elementor elementor-3070 elementor-2206\" data-elementor-post-type=\"page\">\n\t\t\t\t<div class=\"elementor-element elementor-element-a01a36f e-con-full e-flex e-con e-parent\" data-id=\"a01a36f\" data-element_type=\"container\" data-e-type=\"container\" data-settings=\"{&quot;background_background&quot;:&quot;classic&quot;}\">\n\t\t\t\t<div class=\"elementor-element elementor-element-feade6a elementor-widget elementor-widget-heading\" data-id=\"feade6a\" data-element_type=\"widget\" data-e-type=\"widget\" data-widget_type=\"heading.default\">\n\t\t\t\t<div class=\"elementor-widget-container\">\n\t\t\t\t\t<h2 class=\"elementor-heading-title elementor-size-default\">POL\u00cdTICA DE PROTECCI\u00d3N DE DATOS<\/h2>\t\t\t\t<\/div>\n\t\t\t\t<\/div>\n\t\t\t\t<div class=\"elementor-element elementor-element-5e81e13 elementor-widget elementor-widget-heading\" data-id=\"5e81e13\" data-element_type=\"widget\" data-e-type=\"widget\" data-widget_type=\"heading.default\">\n\t\t\t\t<div class=\"elementor-widget-container\">\n\t\t\t\t\t<h2 class=\"elementor-heading-title elementor-size-default\">Cort\u00e9s &amp; P\u00e9rez Auditores y Asesores Asociados SL<\/h2>\t\t\t\t<\/div>\n\t\t\t\t<\/div>\n\t\t\t\t<\/div>\n\t\t<div class=\"elementor-element elementor-element-3807b8e e-flex e-con-boxed e-con e-parent\" data-id=\"3807b8e\" data-element_type=\"container\" data-e-type=\"container\">\n\t\t\t\t\t<div class=\"e-con-inner\">\n\t\t\t\t<div class=\"elementor-element elementor-element-63ef7be elementor-widget__width-inherit elementor-widget elementor-widget-heading\" data-id=\"63ef7be\" data-element_type=\"widget\" data-e-type=\"widget\" data-widget_type=\"heading.default\">\n\t\t\t\t<div class=\"elementor-widget-container\">\n\t\t\t\t\t<h4 class=\"elementor-heading-title elementor-size-default\">(1) \u00bfQui\u00e9n es el responsable del tratamiento de sus datos personales?<\/h4>\t\t\t\t<\/div>\n\t\t\t\t<\/div>\n\t\t\t\t<div class=\"elementor-element elementor-element-344fa82 elementor-widget__width-inherit elementor-widget elementor-widget-text-editor\" data-id=\"344fa82\" data-element_type=\"widget\" data-e-type=\"widget\" data-widget_type=\"text-editor.default\">\n\t\t\t\t<div class=\"elementor-widget-container\">\n\t\t\t\t\t\t\t\t\t<p>\u2022 Responsable del tratamiento: Cort\u00e9s &amp; P\u00e9rez Auditores y Asesores Asociados SL (C&amp;P)<br \/>\u2022 Direcci\u00f3n: Gutenberg 3-13, 5\u00ba A, 08224 Terrassa (Barcelona)<br \/>\u2022 E-mail: info@cyp.es \u2022 Tel\u00e9fono: 937 368 009<br \/>\u2022 Fax: 937 890 428<br \/>\u2022 CIF: B08770802<br \/>\u2022 Datos registrales: Registro Mercantil de Barcelona, Volumen 43033, Folio 14, Hoja B 87184<\/p>\t\t\t\t\t\t\t\t<\/div>\n\t\t\t\t<\/div>\n\t\t\t\t<div class=\"elementor-element elementor-element-6c8fa76 elementor-widget__width-inherit elementor-widget elementor-widget-heading\" data-id=\"6c8fa76\" data-element_type=\"widget\" data-e-type=\"widget\" data-widget_type=\"heading.default\">\n\t\t\t\t<div class=\"elementor-widget-container\">\n\t\t\t\t\t<h4 class=\"elementor-heading-title elementor-size-default\">(2) \u00bfCu\u00e1les son las finalidades para continuar tratando sus datos personales? <\/h4>\t\t\t\t<\/div>\n\t\t\t\t<\/div>\n\t\t\t\t<div class=\"elementor-element elementor-element-e986db7 elementor-widget__width-inherit elementor-widget elementor-widget-text-editor\" data-id=\"e986db7\" data-element_type=\"widget\" data-e-type=\"widget\" data-widget_type=\"text-editor.default\">\n\t\t\t\t<div class=\"elementor-widget-container\">\n\t\t\t\t\t\t\t\t\tTratamos los datos personales de nuestros contactos, clientes y proveedores con la finalidad de gestionar la relaci\u00f3n comercial con nuestra organizaci\u00f3n y, en especial, los aspectos contractuales, el env\u00edo de informaci\u00f3n de nuestra organizaci\u00f3n y del sector, de la organizaci\u00f3n de actividades, campa\u00f1as o eventos y el env\u00edo de comunicaciones informativas y comerciales (incluyendo la v\u00eda electr\u00f3nica).\t\t\t\t\t\t\t\t<\/div>\n\t\t\t\t<\/div>\n\t\t\t\t<div class=\"elementor-element elementor-element-111a25d elementor-widget__width-inherit elementor-widget elementor-widget-heading\" data-id=\"111a25d\" data-element_type=\"widget\" data-e-type=\"widget\" data-widget_type=\"heading.default\">\n\t\t\t\t<div class=\"elementor-widget-container\">\n\t\t\t\t\t<h4 class=\"elementor-heading-title elementor-size-default\">(3) \u00bfCu\u00e1nto tiempo conservaremos sus datos personales? <\/h4>\t\t\t\t<\/div>\n\t\t\t\t<\/div>\n\t\t\t\t<div class=\"elementor-element elementor-element-b87fd96 elementor-widget__width-inherit elementor-widget elementor-widget-text-editor\" data-id=\"b87fd96\" data-element_type=\"widget\" data-e-type=\"widget\" data-widget_type=\"text-editor.default\">\n\t\t\t\t<div class=\"elementor-widget-container\">\n\t\t\t\t\t\t\t\t\tLos datos personales se conservar\u00e1n durante el plazo de seis (6) a\u00f1os, de conformidad con la normativa contable vigente y, si procede, durante diez (10) a\u00f1os seg\u00fan la normativa de prevenci\u00f3n de blanqueo de capitales. En cualquier caso, C&#038;P conservar\u00e1 sus datos personales mientras sean necesarios para la prestaci\u00f3n relaci\u00f3n contractual y a menos que nos solicite la supresi\u00f3n. Sin embargo, las conservar\u00e1 durante el periodo de tiempo necesario para dar cumplimiento de las obligaciones legales que en cada caso corresponda de acuerdo con la tipolog\u00eda de los datos.\t\t\t\t\t\t\t\t<\/div>\n\t\t\t\t<\/div>\n\t\t\t\t<div class=\"elementor-element elementor-element-47d587c elementor-widget__width-inherit elementor-widget elementor-widget-heading\" data-id=\"47d587c\" data-element_type=\"widget\" data-e-type=\"widget\" data-widget_type=\"heading.default\">\n\t\t\t\t<div class=\"elementor-widget-container\">\n\t\t\t\t\t<h4 class=\"elementor-heading-title elementor-size-default\">(4) \u00bfCu\u00e1l es la legitimaci\u00f3n para el tratamiento de sus datos personales? <\/h4>\t\t\t\t<\/div>\n\t\t\t\t<\/div>\n\t\t\t\t<div class=\"elementor-element elementor-element-e762e65 elementor-widget__width-inherit elementor-widget elementor-widget-text-editor\" data-id=\"e762e65\" data-element_type=\"widget\" data-e-type=\"widget\" data-widget_type=\"text-editor.default\">\n\t\t\t\t<div class=\"elementor-widget-container\">\n\t\t\t\t\t\t\t\t\tLa base leg\u00edtima para el tratamiento de datos personales es el inter\u00e9s mutuo y el consentimiento del usuario. \t\t\t\t\t\t\t\t<\/div>\n\t\t\t\t<\/div>\n\t\t\t\t<div class=\"elementor-element elementor-element-595ca11 elementor-widget__width-inherit elementor-widget elementor-widget-heading\" data-id=\"595ca11\" data-element_type=\"widget\" data-e-type=\"widget\" data-widget_type=\"heading.default\">\n\t\t\t\t<div class=\"elementor-widget-container\">\n\t\t\t\t\t<h4 class=\"elementor-heading-title elementor-size-default\">(5) \u00bfA qu\u00e9 destinatarios se comunicar\u00e1n sus datos personales? <\/h4>\t\t\t\t<\/div>\n\t\t\t\t<\/div>\n\t\t\t\t<div class=\"elementor-element elementor-element-fdb600c elementor-widget__width-inherit elementor-widget elementor-widget-text-editor\" data-id=\"fdb600c\" data-element_type=\"widget\" data-e-type=\"widget\" data-widget_type=\"text-editor.default\">\n\t\t\t\t<div class=\"elementor-widget-container\">\n\t\t\t\t\t\t\t\t\t<p>Los datos \u00fanicamente podr\u00e1n comunicarse a organizaciones terceras vinculadas con C&amp;P en el \u00e1mbito de la gesti\u00f3n de sus productos y\/o servicios para las mismas finalidades referidas anteriormente, as\u00ed como a las Administraciones P\u00fablicas competentes, cuando as\u00ed lo exija la normativa vigente.<\/p><p>Las personas trabajadoras de C&amp;P que tienen derechos de acceso autorizado de acuerdo a la estructura de seguridad interna de C&amp;P pueden acceder a sus datos personales con los objetivos y finalidades descritas en esta Pol\u00edtica de Privacidad. Todos los empleados de C&amp;P han sido formados e informados de sus responsabilidades al respecto y firman el acuerdo de confidencialidad correspondiente. Igualmente, pueden acceder a sus datos, organizaciones terceras cuya intervenci\u00f3n sea requerida y\/o necesaria para la gesti\u00f3n adecuada de la prestaci\u00f3n del servicio.<\/p><p>C&amp;P ha establecido contratos o acuerdos contractuales y medidas de seguridad con terceros, para garantizar el adecuado nivel de seguridad y de protecci\u00f3n de los datos personales a lo largo de la cadena relacionada.<\/p>\t\t\t\t\t\t\t\t<\/div>\n\t\t\t\t<\/div>\n\t\t\t\t<div class=\"elementor-element elementor-element-f7e7290 elementor-widget__width-inherit elementor-widget elementor-widget-heading\" data-id=\"f7e7290\" data-element_type=\"widget\" data-e-type=\"widget\" data-widget_type=\"heading.default\">\n\t\t\t\t<div class=\"elementor-widget-container\">\n\t\t\t\t\t<h4 class=\"elementor-heading-title elementor-size-default\">(6) \u00bfCu\u00e1les son tus derechos en relaci\u00f3n a tus datos personales? <\/h4>\t\t\t\t<\/div>\n\t\t\t\t<\/div>\n\t\t\t\t<div class=\"elementor-element elementor-element-86a8729 elementor-widget__width-inherit elementor-widget elementor-widget-text-editor\" data-id=\"86a8729\" data-element_type=\"widget\" data-e-type=\"widget\" data-widget_type=\"text-editor.default\">\n\t\t\t\t<div class=\"elementor-widget-container\">\n\t\t\t\t\t\t\t\t\t<p>Puede solicitar el acceso, rectificaci\u00f3n, supresi\u00f3n, limitaci\u00f3n al tratamiento, portabilidad y oposici\u00f3n al tratamiento de sus datos personales en cualquier momento.<\/p><p>Podr\u00e1 revocar el consentimiento al env\u00edo de comunicaciones comerciales y ejercer los derechos referidos anteriormente, mediante el env\u00edo de un correo electr\u00f3nico a info@cyp.es acompa\u00f1ado de la acreditaci\u00f3n documental de su identidad. Con la excepci\u00f3n que ya nos lo haya indicado con anterioridad mediante la opci\u00f3n de darse de baja que se encuentra al pie de los env\u00edos electr\u00f3nicos, en cuyo caso, ya disponemos de tal informaci\u00f3n.\u00a0<\/p><p>Si no obtiene una respuesta satisfactoria y desea formular una reclamaci\u00f3n u obtener m\u00e1s informaci\u00f3n al respecto de cualquier de esos derechos, puede dirigirse a la Agencia Espa\u00f1ola de Protecci\u00f3n de Datos (www.agpd.es).<\/p>\t\t\t\t\t\t\t\t<\/div>\n\t\t\t\t<\/div>\n\t\t\t\t\t<\/div>\n\t\t\t\t<\/div>\n\t\t\t\t<\/div>\n\t\t","protected":false},"excerpt":{"rendered":"<p>POL\u00cdTICA DE PROTECCI\u00d3N DE DATOS Cort\u00e9s &amp; P\u00e9rez Auditores y Asesores Asociados SL (1) \u00bfQui\u00e9n es el responsable del tratamiento de sus datos personales? \u2022 Responsable del tratamiento: Cort\u00e9s &amp; P\u00e9rez Auditores y Asesores Asociados SL (C&amp;P)\u2022 Direcci\u00f3n: Gutenberg 3-13, 5\u00ba A, 08224 Terrassa (Barcelona)\u2022 E-mail: info@cyp.es \u2022 Tel\u00e9fono: 937 368 009\u2022 Fax: 937 890 [&hellip;]<\/p>\n","protected":false},"author":1,"featured_media":0,"parent":0,"menu_order":0,"comment_status":"closed","ping_status":"open","template":"elementor_header_footer","meta":{"_acf_changed":false,"footnotes":""},"class_list":["post-3070","page","type-page","status-publish","hentry"],"acf":[],"_links":{"self":[{"href":"https:\/\/cyp.es\/en\/wp-json\/wp\/v2\/pages\/3070","targetHints":{"allow":["GET"]}}],"collection":[{"href":"https:\/\/cyp.es\/en\/wp-json\/wp\/v2\/pages"}],"about":[{"href":"https:\/\/cyp.es\/en\/wp-json\/wp\/v2\/types\/page"}],"author":[{"embeddable":true,"href":"https:\/\/cyp.es\/en\/wp-json\/wp\/v2\/users\/1"}],"replies":[{"embeddable":true,"href":"https:\/\/cyp.es\/en\/wp-json\/wp\/v2\/comments?post=3070"}],"version-history":[{"count":0,"href":"https:\/\/cyp.es\/en\/wp-json\/wp\/v2\/pages\/3070\/revisions"}],"wp:attachment":[{"href":"https:\/\/cyp.es\/en\/wp-json\/wp\/v2\/media?parent=3070"}],"curies":[{"name":"wp","href":"https:\/\/api.w.org\/{rel}","templated":true}]}}