{"id":3072,"date":"2025-05-21T16:29:51","date_gmt":"2025-05-21T16:29:51","guid":{"rendered":"https:\/\/cyp.es\/avis-legal\/"},"modified":"2025-05-21T16:29:51","modified_gmt":"2025-05-21T16:29:51","slug":"avis-legal","status":"publish","type":"page","link":"https:\/\/cyp.es\/en\/avis-legal\/","title":{"rendered":"Aviso Legal"},"content":{"rendered":"\t\t<div data-elementor-type=\"wp-page\" data-elementor-id=\"3072\" class=\"elementor elementor-3072 elementor-1814\" data-elementor-post-type=\"page\">\n\t\t\t\t<div class=\"elementor-element elementor-element-a01a36f e-con-full e-flex e-con e-parent\" data-id=\"a01a36f\" data-element_type=\"container\" data-e-type=\"container\" data-settings=\"{&quot;background_background&quot;:&quot;classic&quot;}\">\n\t\t\t\t<div class=\"elementor-element elementor-element-feade6a elementor-widget elementor-widget-heading\" data-id=\"feade6a\" data-element_type=\"widget\" data-e-type=\"widget\" data-widget_type=\"heading.default\">\n\t\t\t\t<div class=\"elementor-widget-container\">\n\t\t\t\t\t<h2 class=\"elementor-heading-title elementor-size-default\">Avis Legal<\/h2>\t\t\t\t<\/div>\n\t\t\t\t<\/div>\n\t\t\t\t<\/div>\n\t\t<div class=\"elementor-element elementor-element-3807b8e e-flex e-con-boxed e-con e-parent\" data-id=\"3807b8e\" data-element_type=\"container\" data-e-type=\"container\">\n\t\t\t\t\t<div class=\"e-con-inner\">\n\t\t\t\t<div class=\"elementor-element elementor-element-63ef7be elementor-widget__width-inherit elementor-widget elementor-widget-heading\" data-id=\"63ef7be\" data-element_type=\"widget\" data-e-type=\"widget\" data-widget_type=\"heading.default\">\n\t\t\t\t<div class=\"elementor-widget-container\">\n\t\t\t\t\t<h4 class=\"elementor-heading-title elementor-size-default\">INFORMACI\u00d3N GENERAL<\/h4>\t\t\t\t<\/div>\n\t\t\t\t<\/div>\n\t\t\t\t<div class=\"elementor-element elementor-element-344fa82 elementor-widget elementor-widget-text-editor\" data-id=\"344fa82\" data-element_type=\"widget\" data-e-type=\"widget\" data-widget_type=\"text-editor.default\">\n\t\t\t\t<div class=\"elementor-widget-container\">\n\t\t\t\t\t\t\t\t\t<p>En cumplimiento de lo dispuesto en el art\u00edculo 10 de la Ley 34\/2002, de 11 de Julio, de Servicios de la Sociedad de la Informaci\u00f3n y Comercio Electr\u00f3nico (LSSICE), informamos que el titular de este sitio web es:<br \/>Titular: <b>CORT\u00c9S &amp; P\u00c9REZ AUDITORES Y ASESORES ASOCIADOS, S.L.<\/b><br \/>Direcci\u00f3n: c\/ Gutenberg, 3-13, 5\u00ba A 08224 \u2013 Terrassa (Barcelona)<br \/><b>E-mail<\/b>: info@cyp.es<br \/><b>Tel\u00e9fono<\/b>: 937 368 009<br \/><b>Fax<\/b>: : 937 890 428<br \/><b>C.I.F<\/b>: B-08770802<br \/><b>Datos registrales<\/b>: Registro Mercantil de Barcelona, Tomo 43033, Folio 14, Hoja B 87184.<\/p><p>&#8211; Los contenidos del sitio web (URL), tanto textos, im\u00e1genes, dise\u00f1o gr\u00e1fico, c\u00f3digo fuente, logos, marcas, etc., son titularidad exclusiva de <b>CORT\u00c9S &amp; P\u00c9REZ AUDITORES Y ASESORES ASOCIADOS, S.L<\/b>., y est\u00e1n amparados por la normativa<br \/>reguladora de la Propiedad Intelectual e Industrial, quedando por tanto prohibida la reproducci\u00f3n, modificaci\u00f3n, distribuci\u00f3n o manipulaci\u00f3n de los mismos.<br \/>&#8211; Respecto a las rese\u00f1as de servicios de terceros que pudieran aparecer en la web, <b>CORT\u00c9S &amp; P\u00c9REZ AUDITORES Y ASESORES ASOCIADOS, S.L.<\/b> reconoce a favor de sus titulares los correspondientes derechos de propiedad industrial e intelectual, no implicando su sola menci\u00f3n o aparici\u00f3n en la web, la existencia de derechos sobre las mismas.<br \/>&#8211; Todo enlace de terceros a esta web deber\u00e1 serlo a su p\u00e1gina principal o de entrada.<br \/>&#8211; <b>CORT\u00c9S &amp; P\u00c9REZ AUDITORES Y ASESORES ASOCIADOS, S.L.<\/b> se reserva el derecho de actualizar, modificar o eliminar informaci\u00f3n contenida en su web, as\u00ed como su configuraci\u00f3n, prestaciones o condiciones generales, en cualquier momento y sin necesidad de previo aviso.<br \/>&#8211; La compa\u00f1\u00eda no garantiza la inexistencia de interrupciones o errores en el acceso al sitio web, ni asumir\u00e1 responsabilidad alguna por problemas t\u00e9cnicos o fallos que se produzcan durante la conexi\u00f3n a Internet.<\/p><p>Tampoco garantiza la ausencia de virus ni de otros elementos que puedan producir alteraciones en su sistema inform\u00e1tico (software y hardware) o en los documentos electr\u00f3nicos y ficheros almacenados en su sistema inform\u00e1tico, por lo que excluye cualquier responsabilidad por los da\u00f1os y perjuicios que puedan producirse en el sistema inform\u00e1tico, documentos electr\u00f3nicos o ficheros de los usuarios.<\/p><p><b>CORT\u00c9S &amp; P\u00c9REZ AUDITORES Y ASESORES ASOCIADOS, S.L.<\/b> se reserva el derecho de emprender las acciones legales que correspondan contra quien incumpla las siguientes prohibiciones:<\/p><p>Queda expresamente prohibido:<br \/>1. Utilizar cualquiera de los contenidos y servicios con fines o efectos il\u00edcitos, prohibidos en el presente Aviso Legal, lesivos de los derechos e intereses de terceros, o que de cualquier forma puedan da\u00f1ar, inutilizar, sobrecargar, deteriorar o impedir la normal utilizaci\u00f3n de los servicios, los equipos inform\u00e1ticos o los documentos, archivos y toda clase de contenidos almacenados en cualquier equipo inform\u00e1tico de <b>CORT\u00c9S &amp; P\u00c9REZ AUDITORES Y ASESORES ASOCIADOS, S.L.<\/b><br \/>2. Utilizar contenidos y servicios que se encuentren protegidos por cualesquiera derechos de propiedad intelectual o industrial pertenecientes a la entidad o a terceros, sin que el usuario haya obtenido previamente de sus titulares la autorizaci\u00f3n necesaria para llevar a cabo el uso que efect\u00faa o pretende efectuar.<br \/>3. Reproducir, copiar, distribuir, comunicar, transformar o modificar los contenidos, a menos que se cuente con la autorizaci\u00f3n del titular de los correspondientes derechos o ello resulte legalmente permitido.<br \/>4. Incorporar virus u otros elementos f\u00edsicos o electr\u00f3nicos que puedan da\u00f1ar o impedir el normal funcionamiento de la red, del sistema o de equipos inform\u00e1ticos (hardware y software) de CORT\u00c9S &amp; P\u00c9REZ AUDITORES Y ASESORES ASOCIADOS,<br \/>S.L., o de terceros o que puedan da\u00f1ar los documentos electr\u00f3nicos y archivos almacenados en dichos equipos inform\u00e1ticos.<br \/>5. La obtenci\u00f3n o incluso el intento de obtenci\u00f3n de los contenidos empleando para ello medios o procedimientos distintos de los que, seg\u00fan los casos, se hayan puesto a su disposici\u00f3n a este efecto en general, de los que se empleen habitualmente en Internet a este efecto siempre que no entra\u00f1en un riesgo de da\u00f1o o inutilizaci\u00f3n de la web, de los servicios y\/o de los contenidos.<\/p><p><b>CORT\u00c9S &amp; P\u00c9REZ AUDITORES Y ASESORES ASOCIADOS, S.L.<\/b> excluye, con toda la extensi\u00f3n permitida por el ordenamiento jur\u00eddico, cualquier responsabilidad por los da\u00f1os y perjuicios de toda naturaleza que puedan deberse a la transmisi\u00f3n, difusi\u00f3n, almacenamiento, puesta a disposici\u00f3n, recepci\u00f3n, obtenci\u00f3n o acceso a los contenidos, y en particular, aunque no de modo exclusivo, por los da\u00f1os y perjuicios que puedan ocasionarse.<\/p>\t\t\t\t\t\t\t\t<\/div>\n\t\t\t\t<\/div>\n\t\t\t\t<div class=\"elementor-element elementor-element-6c8fa76 elementor-widget__width-inherit elementor-widget elementor-widget-heading\" data-id=\"6c8fa76\" data-element_type=\"widget\" data-e-type=\"widget\" data-widget_type=\"heading.default\">\n\t\t\t\t<div class=\"elementor-widget-container\">\n\t\t\t\t\t<h4 class=\"elementor-heading-title elementor-size-default\">PRIVACIDAD Y PROTECCI\u00d3N DE DATOS<\/h4>\t\t\t\t<\/div>\n\t\t\t\t<\/div>\n\t\t\t\t<div class=\"elementor-element elementor-element-e986db7 elementor-widget__width-inherit elementor-widget elementor-widget-text-editor\" data-id=\"e986db7\" data-element_type=\"widget\" data-e-type=\"widget\" data-widget_type=\"text-editor.default\">\n\t\t\t\t<div class=\"elementor-widget-container\">\n\t\t\t\t\t\t\t\t\t<p>En cumplimiento de lo dispuesto en el Real Decreto 1720\/2007, de 21 de diciembre, por el que se aprueba el Reglamento de desarrollo de la Ley Org\u00e1nica 15\/1999, de 13 de diciembre, de protecci\u00f3n de datos de car\u00e1cter personal, CORT\u00c9S &amp; P\u00c9REZ<\/p><p>AUDITORES Y ASESORES ASOCIADOS, S.L. informa al usuario\/ cliente que todos los datos de car\u00e1cter personal que nos proporciona a trav\u00e9s de la web son incorporados en un fichero, creado y mantenido bajo la responsabilidad de CORT\u00c9S &amp;<\/p><p>P\u00c9REZ AUDITORES Y ASESORES ASOCIADOS, S.L.<br \/>Los datos de car\u00e1cter personal ser\u00e1n utilizados con la finalidad de gestionar los servicios ofrecidos, tramitar pedidos, realizar tareas administrativas, as\u00ed como remitir informaci\u00f3n t\u00e9cnica, comercial o publicitaria v\u00eda ordinaria o electr\u00f3nica a sus clientes o usuarios sobre productos que puedan ser de su inter\u00e9s. Esta aceptaci\u00f3n siempre tendr\u00e1 car\u00e1cter revocable.<\/p><p><b>CORT\u00c9S &amp; P\u00c9REZ AUDITORES Y ASESORES ASOCIADOS, S.L.<\/b> garantiza la confidencialidad y seguridad de sus datos de car\u00e1cter personal cuando \u00e9stos son objeto de tratamiento en la medida que tiene implantadas las pol\u00edticas de tratamiento y medidas de seguridad preceptivas seg\u00fan la legislaci\u00f3n vigente. Las pol\u00edticas de tratamiento y medidas de seguridad implantadas en CORT\u00c9S &amp; P\u00c9REZ AUDITORES Y ASESORES ASOCIADOS, S.L. evitan la alteraci\u00f3n, p\u00e9rdida, tratamiento o uso no autorizado de sus datos de car\u00e1cter personal.<\/p><p>La respuesta a los formularios planteados para recibir informaci\u00f3n de los servicios comercializados por <b>CORT\u00c9S &amp; P\u00c9REZ AUDITORES Y ASESORES ASOCIADOS, S.L<\/b>., as\u00ed como de cualquier otro cuestionario que pueda facilitarse en un futuro, es totalmente potestativa. No obstante, la negativa del usuario\/cliente a facilitar determinados datos, podr\u00e1 suponer la imposibilidad de llevar a cabo el servicio ofrecido por <b>CORT\u00c9S &amp; P\u00c9REZ AUDITORES Y ASESORES ASOCIADOS, S.L.<\/b><\/p><p>El usuario podr\u00e1 ejercitar su derecho de acceso, rectificaci\u00f3n, cancelaci\u00f3n y en su caso, oposici\u00f3n, al tratamiento de sus datos de car\u00e1cter personal, en los t\u00e9rminos y condiciones previstos en la LOPD. Para ejercitar tales derechos, y para cualquier aclaraci\u00f3n, puede contactar con nosotros por correo postal en la siguiente direcci\u00f3n: c\/ Gutenberg, 3-13 5\u00ba A Terrassa (Barcelona).<\/p>\t\t\t\t\t\t\t\t<\/div>\n\t\t\t\t<\/div>\n\t\t\t\t\t<\/div>\n\t\t\t\t<\/div>\n\t\t\t\t<\/div>\n\t\t","protected":false},"excerpt":{"rendered":"<p>Avis Legal INFORMACI\u00d3N GENERAL En cumplimiento de lo dispuesto en el art\u00edculo 10 de la Ley 34\/2002, de 11 de Julio, de Servicios de la Sociedad de la Informaci\u00f3n y Comercio Electr\u00f3nico (LSSICE), informamos que el titular de este sitio web es:Titular: CORT\u00c9S &amp; P\u00c9REZ AUDITORES Y ASESORES ASOCIADOS, S.L.Direcci\u00f3n: c\/ Gutenberg, 3-13, 5\u00ba A [&hellip;]<\/p>\n","protected":false},"author":1,"featured_media":0,"parent":0,"menu_order":0,"comment_status":"closed","ping_status":"closed","template":"elementor_header_footer","meta":{"_acf_changed":false,"footnotes":""},"class_list":["post-3072","page","type-page","status-publish","hentry"],"acf":[],"_links":{"self":[{"href":"https:\/\/cyp.es\/en\/wp-json\/wp\/v2\/pages\/3072","targetHints":{"allow":["GET"]}}],"collection":[{"href":"https:\/\/cyp.es\/en\/wp-json\/wp\/v2\/pages"}],"about":[{"href":"https:\/\/cyp.es\/en\/wp-json\/wp\/v2\/types\/page"}],"author":[{"embeddable":true,"href":"https:\/\/cyp.es\/en\/wp-json\/wp\/v2\/users\/1"}],"replies":[{"embeddable":true,"href":"https:\/\/cyp.es\/en\/wp-json\/wp\/v2\/comments?post=3072"}],"version-history":[{"count":0,"href":"https:\/\/cyp.es\/en\/wp-json\/wp\/v2\/pages\/3072\/revisions"}],"wp:attachment":[{"href":"https:\/\/cyp.es\/en\/wp-json\/wp\/v2\/media?parent=3072"}],"curies":[{"name":"wp","href":"https:\/\/api.w.org\/{rel}","templated":true}]}}